{"id":93,"date":"2024-11-04T20:02:47","date_gmt":"2024-11-04T20:02:47","guid":{"rendered":"https:\/\/www.servcontic.cl\/prototipos\/maderas.cnc.vina.cl\/carrito\/"},"modified":"2024-11-04T22:16:27","modified_gmt":"2024-11-04T22:16:27","slug":"carrito","status":"publish","type":"page","link":"https:\/\/www.servcontic.cl\/prototipos\/prot_001\/carrito\/","title":{"rendered":"Carrito"},"content":{"rendered":"<div data-block-name=\"woocommerce\/cart\" class=\"wp-block-woocommerce-cart alignwide is-loading\"><div data-block-name=\"woocommerce\/filled-cart-block\" class=\"wp-block-woocommerce-filled-cart-block\"><div data-block-name=\"woocommerce\/cart-items-block\" class=\"wp-block-woocommerce-cart-items-block\"><div data-block-name=\"woocommerce\/cart-line-items-block\" class=\"wp-block-woocommerce-cart-line-items-block\"><\/div>\n\n<div data-block-name=\"woocommerce\/cart-cross-sells-block\" class=\"wp-block-woocommerce-cart-cross-sells-block\"><h2 class=\"wp-block-heading has-large-font-size\">Puede que te interese\u2026<\/h2>\n\n<div data-block-name=\"woocommerce\/cart-cross-sells-products-block\" class=\"wp-block-woocommerce-cart-cross-sells-products-block\"><\/div><\/div><\/div>\n\n<div data-block-name=\"woocommerce\/cart-totals-block\" class=\"wp-block-woocommerce-cart-totals-block\"><div data-block-name=\"woocommerce\/cart-order-summary-block\" class=\"wp-block-woocommerce-cart-order-summary-block\"><div data-block-name=\"woocommerce\/cart-order-summary-heading-block\" class=\"wp-block-woocommerce-cart-order-summary-heading-block\"><\/div><div data-block-name=\"woocommerce\/cart-order-summary-coupon-form-block\" class=\"wp-block-woocommerce-cart-order-summary-coupon-form-block\"><\/div><div data-block-name=\"woocommerce\/cart-order-summary-totals-block\" class=\"wp-block-woocommerce-cart-order-summary-totals-block\">\n<div data-block-name=\"woocommerce\/cart-order-summary-subtotal-block\" class=\"wp-block-woocommerce-cart-order-summary-subtotal-block\"><\/div>\n<div data-block-name=\"woocommerce\/cart-order-summary-discount-block\" class=\"wp-block-woocommerce-cart-order-summary-discount-block\"><\/div>\n<div data-block-name=\"woocommerce\/cart-order-summary-fee-block\" class=\"wp-block-woocommerce-cart-order-summary-fee-block\"><\/div>\n<div data-block-name=\"woocommerce\/cart-order-summary-shipping-block\" class=\"wp-block-woocommerce-cart-order-summary-shipping-block\"><\/div>\n<div data-block-name=\"woocommerce\/cart-order-summary-taxes-block\" class=\"wp-block-woocommerce-cart-order-summary-taxes-block\"><\/div><\/div><\/div>\n\n<div data-block-name=\"woocommerce\/cart-express-payment-block\" class=\"wp-block-woocommerce-cart-express-payment-block\"><\/div>\n\n<div data-block-name=\"woocommerce\/proceed-to-checkout-block\" class=\"wp-block-woocommerce-proceed-to-checkout-block\"><\/div>\n\n<div data-block-name=\"woocommerce\/cart-accepted-payment-methods-block\" class=\"wp-block-woocommerce-cart-accepted-payment-methods-block\"><\/div><\/div><\/div>\n\n<div data-block-name=\"woocommerce\/empty-cart-block\" class=\"wp-block-woocommerce-empty-cart-block\"><h2 class=\"wp-block-heading has-text-align-center with-empty-cart-icon wc-block-cart__empty-cart__title\">\u00a1Tu carrito est\u00e1 actualmente vac\u00edo!<\/h2>\n\n<hr class=\"wp-block-separator has-alpha-channel-opacity is-style-dots\"\/>\n\n<h2 class=\"wp-block-heading has-text-align-center\">Nuevo en la tienda<\/h2>\n\n<div data-block-name=\"woocommerce\/product-new\" data-columns=\"4\" data-rows=\"1\" class=\"wc-block-grid wp-block-product-new wc-block-product-new has-4-columns\"><ul class=\"wc-block-grid__products\"><li class=\"wc-block-grid__product\">\n\t\t\t\t<a href=\"https:\/\/www.servcontic.cl\/prototipos\/prot_001\/product\/exegesis-y-hermeneutica-del-nuevo-testamento\/\" class=\"wc-block-grid__product-link\">\n\t\t\t\t\t\n\t\t\t\t\t<div class=\"wc-block-grid__product-image\"><img loading=\"lazy\" decoding=\"async\" width=\"225\" height=\"224\" src=\"https:\/\/www.servcontic.cl\/prototipos\/prot_001\/wp-content\/uploads\/2025\/04\/dd3a9264d51f42eb1ddd4b135bb16a56.jpeg\" class=\"attachment-woocommerce_thumbnail size-woocommerce_thumbnail\" alt=\"Ex\u00e9gesis y Hermen\u00e9utica del Nuevo Testamento\" srcset=\"https:\/\/www.servcontic.cl\/prototipos\/prot_001\/wp-content\/uploads\/2025\/04\/dd3a9264d51f42eb1ddd4b135bb16a56.jpeg 225w, https:\/\/www.servcontic.cl\/prototipos\/prot_001\/wp-content\/uploads\/2025\/04\/dd3a9264d51f42eb1ddd4b135bb16a56-150x150.jpeg 150w, https:\/\/www.servcontic.cl\/prototipos\/prot_001\/wp-content\/uploads\/2025\/04\/dd3a9264d51f42eb1ddd4b135bb16a56-100x100.jpeg 100w\" sizes=\"auto, (max-width: 225px) 100vw, 225px\" \/><\/div>\n\t\t\t\t\t<div class=\"wc-block-grid__product-title\">Ex\u00e9gesis y Hermen\u00e9utica del Nuevo Testamento<\/div>\n\t\t\t\t<\/a>\n\t\t\t\t<div class=\"wc-block-grid__product-price price\"><span class=\"woocommerce-Price-amount amount\"><span class=\"woocommerce-Price-currencySymbol\">&#036;<\/span>25.000<\/span> <small class=\"woocommerce-price-suffix\">Clp<\/small><\/div>\n\t\t\t\t\n\t\t\t\t<div class=\"wp-block-button wc-block-grid__product-add-to-cart\"><a href=\"?add-to-cart=307\" aria-label=\"Add to cart: &ldquo;Ex\u00e9gesis y Hermen\u00e9utica del Nuevo Testamento&rdquo;\" data-quantity=\"1\" data-product_id=\"307\" data-product_sku=\"ITBA-EXH-003\" data-price=\"25000\" rel=\"nofollow\" class=\"wp-block-button__link  add_to_cart_button ajax_add_to_cart\">Add to cart<\/a><\/div>\n\t\t\t<\/li><li class=\"wc-block-grid__product\">\n\t\t\t\t<a href=\"https:\/\/www.servcontic.cl\/prototipos\/prot_001\/product\/pedagogia-de-la-ensenanza-biblica\/\" class=\"wc-block-grid__product-link\">\n\t\t\t\t\t\n\t\t\t\t\t<div class=\"wc-block-grid__product-image\"><img loading=\"lazy\" decoding=\"async\" width=\"225\" height=\"225\" src=\"https:\/\/www.servcontic.cl\/prototipos\/prot_001\/wp-content\/uploads\/2025\/04\/907a52a9b5f11f95671c560b59027de2.jpeg\" class=\"attachment-woocommerce_thumbnail size-woocommerce_thumbnail\" alt=\"Pedagog\u00eda de la Ense\u00f1anza B\u00edblica\" srcset=\"https:\/\/www.servcontic.cl\/prototipos\/prot_001\/wp-content\/uploads\/2025\/04\/907a52a9b5f11f95671c560b59027de2.jpeg 225w, https:\/\/www.servcontic.cl\/prototipos\/prot_001\/wp-content\/uploads\/2025\/04\/907a52a9b5f11f95671c560b59027de2-150x150.jpeg 150w, https:\/\/www.servcontic.cl\/prototipos\/prot_001\/wp-content\/uploads\/2025\/04\/907a52a9b5f11f95671c560b59027de2-100x100.jpeg 100w\" sizes=\"auto, (max-width: 225px) 100vw, 225px\" \/><\/div>\n\t\t\t\t\t<div class=\"wc-block-grid__product-title\">Pedagog\u00eda de la Ense\u00f1anza B\u00edblica<\/div>\n\t\t\t\t<\/a>\n\t\t\t\t<div class=\"wc-block-grid__product-price price\"><span class=\"woocommerce-Price-amount amount\"><span class=\"woocommerce-Price-currencySymbol\">&#036;<\/span>25.000<\/span> <small class=\"woocommerce-price-suffix\">Clp<\/small><\/div>\n\t\t\t\t\n\t\t\t\t<div class=\"wp-block-button wc-block-grid__product-add-to-cart\"><a href=\"?add-to-cart=305\" aria-label=\"Add to cart: &ldquo;Pedagog\u00eda de la Ense\u00f1anza B\u00edblica&rdquo;\" data-quantity=\"1\" data-product_id=\"305\" data-product_sku=\"ITBA-PED-002\" data-price=\"25000\" rel=\"nofollow\" class=\"wp-block-button__link  add_to_cart_button ajax_add_to_cart\">Add to cart<\/a><\/div>\n\t\t\t<\/li><li class=\"wc-block-grid__product\">\n\t\t\t\t<a href=\"https:\/\/www.servcontic.cl\/prototipos\/prot_001\/product\/introduccion-a-la-misionologia\/\" class=\"wc-block-grid__product-link\">\n\t\t\t\t\t\n\t\t\t\t\t<div class=\"wc-block-grid__product-image\"><img loading=\"lazy\" decoding=\"async\" width=\"225\" height=\"225\" src=\"https:\/\/www.servcontic.cl\/prototipos\/prot_001\/wp-content\/uploads\/2025\/04\/d3ddd180653835acde4f92d30246d38f.jpeg\" class=\"attachment-woocommerce_thumbnail size-woocommerce_thumbnail\" alt=\"Introducci\u00f3n a la Misionolog\u00eda\" srcset=\"https:\/\/www.servcontic.cl\/prototipos\/prot_001\/wp-content\/uploads\/2025\/04\/d3ddd180653835acde4f92d30246d38f.jpeg 225w, https:\/\/www.servcontic.cl\/prototipos\/prot_001\/wp-content\/uploads\/2025\/04\/d3ddd180653835acde4f92d30246d38f-150x150.jpeg 150w, https:\/\/www.servcontic.cl\/prototipos\/prot_001\/wp-content\/uploads\/2025\/04\/d3ddd180653835acde4f92d30246d38f-100x100.jpeg 100w\" sizes=\"auto, (max-width: 225px) 100vw, 225px\" \/><\/div>\n\t\t\t\t\t<div class=\"wc-block-grid__product-title\">Introducci\u00f3n a la Misionolog\u00eda<\/div>\n\t\t\t\t<\/a>\n\t\t\t\t<div class=\"wc-block-grid__product-price price\"><span class=\"woocommerce-Price-amount amount\"><span class=\"woocommerce-Price-currencySymbol\">&#036;<\/span>25.000<\/span> <small class=\"woocommerce-price-suffix\">Clp<\/small><\/div>\n\t\t\t\t\n\t\t\t\t<div class=\"wp-block-button wc-block-grid__product-add-to-cart\"><a href=\"?add-to-cart=303\" aria-label=\"Add to cart: &ldquo;Introducci\u00f3n a la Misionolog\u00eda&rdquo;\" data-quantity=\"1\" data-product_id=\"303\" data-product_sku=\"ITBA-MIS-001\" data-price=\"25000\" rel=\"nofollow\" class=\"wp-block-button__link  add_to_cart_button ajax_add_to_cart\">Add to cart<\/a><\/div>\n\t\t\t<\/li><li class=\"wc-block-grid__product\">\n\t\t\t\t<a href=\"https:\/\/www.servcontic.cl\/prototipos\/prot_001\/product\/posa-taza-con-porta-celular\/\" class=\"wc-block-grid__product-link\">\n\t\t\t\t\t\n\t\t\t\t\t<div class=\"wc-block-grid__product-image\"><img loading=\"lazy\" decoding=\"async\" width=\"573\" height=\"253\" src=\"https:\/\/www.servcontic.cl\/prototipos\/prot_001\/wp-content\/uploads\/2024\/11\/Introduccion-a-la-Misionologia.png\" class=\"attachment-woocommerce_thumbnail size-woocommerce_thumbnail\" alt=\"Introducci\u00f3n a la Misionolog\u00eda\" srcset=\"https:\/\/www.servcontic.cl\/prototipos\/prot_001\/wp-content\/uploads\/2024\/11\/Introduccion-a-la-Misionologia.png 573w, https:\/\/www.servcontic.cl\/prototipos\/prot_001\/wp-content\/uploads\/2024\/11\/Introduccion-a-la-Misionologia-300x132.png 300w\" sizes=\"auto, (max-width: 573px) 100vw, 573px\" \/><\/div>\n\t\t\t\t\t<div class=\"wc-block-grid__product-title\">Introducci\u00f3n a la Misionolog\u00eda<\/div>\n\t\t\t\t<\/a>\n\t\t\t\t<div class=\"wc-block-grid__product-price price\"><span class=\"woocommerce-Price-amount amount\"><span class=\"woocommerce-Price-currencySymbol\">&#036;<\/span>30.000<\/span> <small class=\"woocommerce-price-suffix\">Clp<\/small><\/div>\n\t\t\t\t\n\t\t\t\t<div class=\"wp-block-button wc-block-grid__product-add-to-cart\"><a href=\"?add-to-cart=257\" aria-label=\"Add to cart: &ldquo;Introducci\u00f3n a la Misionolog\u00eda&rdquo;\" data-quantity=\"1\" data-product_id=\"257\" data-product_sku=\"\" data-price=\"30000\" rel=\"nofollow\" class=\"wp-block-button__link  add_to_cart_button ajax_add_to_cart\">Add to cart<\/a><\/div>\n\t\t\t<\/li><\/ul><\/div><\/div><\/div>","protected":false},"excerpt":{"rendered":"","protected":false},"author":1,"featured_media":0,"parent":0,"menu_order":0,"comment_status":"closed","ping_status":"closed","template":"","meta":{"footnotes":""},"class_list":["post-93","page","type-page","status-publish","hentry"],"yoast_head":"<!-- This site is optimized with the Yoast SEO plugin v23.8 - https:\/\/yoast.com\/wordpress\/plugins\/seo\/ -->\n<title>Carrito - Instituto Bautista ITBA<\/title>\n<meta name=\"robots\" content=\"index, follow, max-snippet:-1, max-image-preview:large, max-video-preview:-1\" \/>\n<link rel=\"canonical\" href=\"https:\/\/www.servcontic.cl\/prototipos\/prot_001\/carrito\/\" \/>\n<meta property=\"og:locale\" content=\"es_ES\" \/>\n<meta property=\"og:type\" content=\"article\" \/>\n<meta property=\"og:title\" content=\"Carrito - Instituto Bautista ITBA\" \/>\n<meta property=\"og:url\" content=\"https:\/\/www.servcontic.cl\/prototipos\/prot_001\/carrito\/\" \/>\n<meta property=\"og:site_name\" content=\"Instituto Bautista ITBA\" \/>\n<meta property=\"article:modified_time\" content=\"2024-11-04T22:16:27+00:00\" \/>\n<meta name=\"twitter:card\" content=\"summary_large_image\" \/>\n<script type=\"application\/ld+json\" class=\"yoast-schema-graph\">{\"@context\":\"https:\/\/schema.org\",\"@graph\":[{\"@type\":\"WebPage\",\"@id\":\"https:\/\/www.servcontic.cl\/prototipos\/prot_001\/carrito\/\",\"url\":\"https:\/\/www.servcontic.cl\/prototipos\/prot_001\/carrito\/\",\"name\":\"Carrito - Instituto Bautista ITBA\",\"isPartOf\":{\"@id\":\"https:\/\/www.servcontic.cl\/prototipos\/prot_001\/#website\"},\"datePublished\":\"2024-11-04T20:02:47+00:00\",\"dateModified\":\"2024-11-04T22:16:27+00:00\",\"breadcrumb\":{\"@id\":\"https:\/\/www.servcontic.cl\/prototipos\/prot_001\/carrito\/#breadcrumb\"},\"inLanguage\":\"es\",\"potentialAction\":[{\"@type\":\"ReadAction\",\"target\":[\"https:\/\/www.servcontic.cl\/prototipos\/prot_001\/carrito\/\"]}]},{\"@type\":\"BreadcrumbList\",\"@id\":\"https:\/\/www.servcontic.cl\/prototipos\/prot_001\/carrito\/#breadcrumb\",\"itemListElement\":[{\"@type\":\"ListItem\",\"position\":1,\"name\":\"Portada\",\"item\":\"https:\/\/www.servcontic.cl\/prototipos\/prot_001\/\"},{\"@type\":\"ListItem\",\"position\":2,\"name\":\"Carrito\"}]},{\"@type\":\"WebSite\",\"@id\":\"https:\/\/www.servcontic.cl\/prototipos\/prot_001\/#website\",\"url\":\"https:\/\/www.servcontic.cl\/prototipos\/prot_001\/\",\"name\":\"Instituto Bautista ITBA\",\"description\":\"Explica correctamente la palabra de verdad.\",\"publisher\":{\"@id\":\"https:\/\/www.servcontic.cl\/prototipos\/prot_001\/#organization\"},\"potentialAction\":[{\"@type\":\"SearchAction\",\"target\":{\"@type\":\"EntryPoint\",\"urlTemplate\":\"https:\/\/www.servcontic.cl\/prototipos\/prot_001\/?s={search_term_string}\"},\"query-input\":{\"@type\":\"PropertyValueSpecification\",\"valueRequired\":true,\"valueName\":\"search_term_string\"}}],\"inLanguage\":\"es\"},{\"@type\":\"Organization\",\"@id\":\"https:\/\/www.servcontic.cl\/prototipos\/prot_001\/#organization\",\"name\":\"Instituto Bautista ITBA\",\"url\":\"https:\/\/www.servcontic.cl\/prototipos\/prot_001\/\",\"logo\":{\"@type\":\"ImageObject\",\"inLanguage\":\"es\",\"@id\":\"https:\/\/www.servcontic.cl\/prototipos\/prot_001\/#\/schema\/logo\/image\/\",\"url\":\"https:\/\/www.servcontic.cl\/prototipos\/prot_001\/wp-content\/uploads\/2025\/04\/d3ddd180653835acde4f92d30246d38f.jpeg\",\"contentUrl\":\"https:\/\/www.servcontic.cl\/prototipos\/prot_001\/wp-content\/uploads\/2025\/04\/d3ddd180653835acde4f92d30246d38f.jpeg\",\"width\":225,\"height\":225,\"caption\":\"Instituto Bautista ITBA\"},\"image\":{\"@id\":\"https:\/\/www.servcontic.cl\/prototipos\/prot_001\/#\/schema\/logo\/image\/\"}}]}<\/script>\n<!-- \/ Yoast SEO plugin. -->","yoast_head_json":{"title":"Carrito - Instituto Bautista ITBA","robots":{"index":"index","follow":"follow","max-snippet":"max-snippet:-1","max-image-preview":"max-image-preview:large","max-video-preview":"max-video-preview:-1"},"canonical":"https:\/\/www.servcontic.cl\/prototipos\/prot_001\/carrito\/","og_locale":"es_ES","og_type":"article","og_title":"Carrito - Instituto Bautista ITBA","og_url":"https:\/\/www.servcontic.cl\/prototipos\/prot_001\/carrito\/","og_site_name":"Instituto Bautista ITBA","article_modified_time":"2024-11-04T22:16:27+00:00","twitter_card":"summary_large_image","schema":{"@context":"https:\/\/schema.org","@graph":[{"@type":"WebPage","@id":"https:\/\/www.servcontic.cl\/prototipos\/prot_001\/carrito\/","url":"https:\/\/www.servcontic.cl\/prototipos\/prot_001\/carrito\/","name":"Carrito - Instituto Bautista ITBA","isPartOf":{"@id":"https:\/\/www.servcontic.cl\/prototipos\/prot_001\/#website"},"datePublished":"2024-11-04T20:02:47+00:00","dateModified":"2024-11-04T22:16:27+00:00","breadcrumb":{"@id":"https:\/\/www.servcontic.cl\/prototipos\/prot_001\/carrito\/#breadcrumb"},"inLanguage":"es","potentialAction":[{"@type":"ReadAction","target":["https:\/\/www.servcontic.cl\/prototipos\/prot_001\/carrito\/"]}]},{"@type":"BreadcrumbList","@id":"https:\/\/www.servcontic.cl\/prototipos\/prot_001\/carrito\/#breadcrumb","itemListElement":[{"@type":"ListItem","position":1,"name":"Portada","item":"https:\/\/www.servcontic.cl\/prototipos\/prot_001\/"},{"@type":"ListItem","position":2,"name":"Carrito"}]},{"@type":"WebSite","@id":"https:\/\/www.servcontic.cl\/prototipos\/prot_001\/#website","url":"https:\/\/www.servcontic.cl\/prototipos\/prot_001\/","name":"Instituto Bautista ITBA","description":"Explica correctamente la palabra de verdad.","publisher":{"@id":"https:\/\/www.servcontic.cl\/prototipos\/prot_001\/#organization"},"potentialAction":[{"@type":"SearchAction","target":{"@type":"EntryPoint","urlTemplate":"https:\/\/www.servcontic.cl\/prototipos\/prot_001\/?s={search_term_string}"},"query-input":{"@type":"PropertyValueSpecification","valueRequired":true,"valueName":"search_term_string"}}],"inLanguage":"es"},{"@type":"Organization","@id":"https:\/\/www.servcontic.cl\/prototipos\/prot_001\/#organization","name":"Instituto Bautista ITBA","url":"https:\/\/www.servcontic.cl\/prototipos\/prot_001\/","logo":{"@type":"ImageObject","inLanguage":"es","@id":"https:\/\/www.servcontic.cl\/prototipos\/prot_001\/#\/schema\/logo\/image\/","url":"https:\/\/www.servcontic.cl\/prototipos\/prot_001\/wp-content\/uploads\/2025\/04\/d3ddd180653835acde4f92d30246d38f.jpeg","contentUrl":"https:\/\/www.servcontic.cl\/prototipos\/prot_001\/wp-content\/uploads\/2025\/04\/d3ddd180653835acde4f92d30246d38f.jpeg","width":225,"height":225,"caption":"Instituto Bautista ITBA"},"image":{"@id":"https:\/\/www.servcontic.cl\/prototipos\/prot_001\/#\/schema\/logo\/image\/"}}]}},"_links":{"self":[{"href":"https:\/\/www.servcontic.cl\/prototipos\/prot_001\/wp-json\/wp\/v2\/pages\/93","targetHints":{"allow":["GET"]}}],"collection":[{"href":"https:\/\/www.servcontic.cl\/prototipos\/prot_001\/wp-json\/wp\/v2\/pages"}],"about":[{"href":"https:\/\/www.servcontic.cl\/prototipos\/prot_001\/wp-json\/wp\/v2\/types\/page"}],"author":[{"embeddable":true,"href":"https:\/\/www.servcontic.cl\/prototipos\/prot_001\/wp-json\/wp\/v2\/users\/1"}],"replies":[{"embeddable":true,"href":"https:\/\/www.servcontic.cl\/prototipos\/prot_001\/wp-json\/wp\/v2\/comments?post=93"}],"version-history":[{"count":1,"href":"https:\/\/www.servcontic.cl\/prototipos\/prot_001\/wp-json\/wp\/v2\/pages\/93\/revisions"}],"predecessor-version":[{"id":145,"href":"https:\/\/www.servcontic.cl\/prototipos\/prot_001\/wp-json\/wp\/v2\/pages\/93\/revisions\/145"}],"wp:attachment":[{"href":"https:\/\/www.servcontic.cl\/prototipos\/prot_001\/wp-json\/wp\/v2\/media?parent=93"}],"curies":[{"name":"wp","href":"https:\/\/api.w.org\/{rel}","templated":true}]}}